{"id":461,"date":"2023-10-06T14:52:19","date_gmt":"2023-10-06T12:52:19","guid":{"rendered":"https:\/\/inventory-one.com\/?page_id=461"},"modified":"2026-04-29T18:43:58","modified_gmt":"2026-04-29T16:43:58","slug":"inventory-one","status":"publish","type":"page","link":"https:\/\/inventory-one.com\/en\/inventory-one\/","title":{"rendered":"About us"},"content":{"rendered":"<section class=\"bde-section-461-468 bde-section\">\n  \n  \n\t\n\n\n\n<div class=\"section-container\"><div class=\"bde-columns-461-469 bde-columns\"><div class=\"bde-column-461-470 bde-column\">\n  \n  \n\t\n\n\n\n<div class=\"bde-div-461-471 bde-div\">\n  \n  \n\t\n\n\n\n<h1 class=\"bde-heading-461-472 bde-heading\">\nThe team behind Inventory ONE\n<\/h1><div class=\"bde-rich-text-461-473 bde-rich-text breakdance-rich-text-styles\">\n<p>Inventory ONE is backed by a team of developers with extensive software expertise and many years of experience. We develop applications, software applications and apps for the digital networking of devices, processes and machines.<\/p>\n<\/div>\n<\/div><div class=\"bde-div-461-382 bde-div\">\n  \n  \n\t\n\n\n\n<div class=\"bde-button-461-384 bde-button\">\n    \n                                    \n    \n    \n    \n    \n            \n                    \n            \n            \n\n    \n    \n    \n    \n    \n    <a class=\"breakdance-link button-atom button-atom--secondary bde-button__button\" href=\"#wir\" target=\"_self\" data-type=\"url\"  >\n\n    \n        <span class=\"button-atom__text\">About us<\/span>\n\n                            \n        \n                <\/a>\n\n    \n\n\n<\/div><div class=\"bde-button-461-453 bde-button\">\n    \n                                    \n    \n    \n    \n    \n            \n                    \n            \n            \n\n    \n    \n    \n    \n    \n    <a class=\"breakdance-link button-atom button-atom--secondary bde-button__button\" href=\"#rezensionen\" target=\"_self\" data-type=\"url\"  >\n\n    \n        <span class=\"button-atom__text\">Reviews<\/span>\n\n                            \n        \n                <\/a>\n\n    \n\n\n<\/div><div class=\"bde-button-461-454 bde-button\">\n    \n                                    \n    \n    \n    \n    \n            \n                    \n            \n            \n\n    \n    \n    \n    \n    \n    <a class=\"breakdance-link button-atom button-atom--secondary bde-button__button\" href=\"#jobs\" target=\"_self\" data-type=\"url\"  >\n\n    \n        <span class=\"button-atom__text\">Jobs<\/span>\n\n                            \n        \n                <\/a>\n\n    \n\n\n<\/div>\n<\/div>\n<\/div><div class=\"bde-column-461-475 bde-column\">\n  \n  \n\t\n\n\n\n<div class=\"bde-globalblock-461-499 bde-globalblock\">\n<div class=\"bde-div-3139-100-3139-1 bde-div bde-div-3139-100\">\n  \n  \n\t\n\n\n\n<div class=\"bde-div-3139-101-3139-1 bde-div bde-div-3139-101\">\n  \n  \n\t\n\n\n\n<div class=\"bde-star-rating-3139-102-3139-1 bde-star-rating bde-star-rating-3139-102\">\n\n\n\n  <div class='bde-star-rating__wrapper'>\n    <svg aria-hidden=\"true\" focusable=\"false\" data-prefix=\"fas\"  role=\"img\" xmlns=\"http:\/\/www.w3.org\/2000\/svg\" viewbox=\"0 0 576 512\" class=\"svg-inline--fa fa-star fa-w-18 fa-2x\"><path d=\"M259.3 17.8L194 150.2 47.9 171.5c-26.2 3.8-36.7 36.1-17.7 54.6l105.7 103-25 145.5c-4.5 26.3 23.2 46 46.4 33.7L288 439.6l130.7 68.7c23.2 12.2 50.9-7.4 46.4-33.7l-25-145.5 105.7-103c19-18.5 8.5-50.8-17.7-54.6L382 150.2 316.7 17.8c-11.7-23.6-45.6-23.9-57.4 0z\" class=\"\"><\/path><\/svg>\n    <svg aria-hidden=\"true\" focusable=\"false\" data-prefix=\"fas\"  role=\"img\" xmlns=\"http:\/\/www.w3.org\/2000\/svg\" viewbox=\"0 0 576 512\" class=\"svg-inline--fa fa-star fa-w-18 fa-2x\"><path d=\"M259.3 17.8L194 150.2 47.9 171.5c-26.2 3.8-36.7 36.1-17.7 54.6l105.7 103-25 145.5c-4.5 26.3 23.2 46 46.4 33.7L288 439.6l130.7 68.7c23.2 12.2 50.9-7.4 46.4-33.7l-25-145.5 105.7-103c19-18.5 8.5-50.8-17.7-54.6L382 150.2 316.7 17.8c-11.7-23.6-45.6-23.9-57.4 0z\" class=\"\"><\/path><\/svg>\n    <svg aria-hidden=\"true\" focusable=\"false\" data-prefix=\"fas\"  role=\"img\" xmlns=\"http:\/\/www.w3.org\/2000\/svg\" viewbox=\"0 0 576 512\" class=\"svg-inline--fa fa-star fa-w-18 fa-2x\"><path d=\"M259.3 17.8L194 150.2 47.9 171.5c-26.2 3.8-36.7 36.1-17.7 54.6l105.7 103-25 145.5c-4.5 26.3 23.2 46 46.4 33.7L288 439.6l130.7 68.7c23.2 12.2 50.9-7.4 46.4-33.7l-25-145.5 105.7-103c19-18.5 8.5-50.8-17.7-54.6L382 150.2 316.7 17.8c-11.7-23.6-45.6-23.9-57.4 0z\" class=\"\"><\/path><\/svg>\n    <svg aria-hidden=\"true\" focusable=\"false\" data-prefix=\"fas\"  role=\"img\" xmlns=\"http:\/\/www.w3.org\/2000\/svg\" viewbox=\"0 0 576 512\" class=\"svg-inline--fa fa-star fa-w-18 fa-2x\"><path d=\"M259.3 17.8L194 150.2 47.9 171.5c-26.2 3.8-36.7 36.1-17.7 54.6l105.7 103-25 145.5c-4.5 26.3 23.2 46 46.4 33.7L288 439.6l130.7 68.7c23.2 12.2 50.9-7.4 46.4-33.7l-25-145.5 105.7-103c19-18.5 8.5-50.8-17.7-54.6L382 150.2 316.7 17.8c-11.7-23.6-45.6-23.9-57.4 0z\" class=\"\"><\/path><\/svg>\n    <svg aria-hidden=\"true\" focusable=\"false\" data-prefix=\"fas\"  role=\"img\" xmlns=\"http:\/\/www.w3.org\/2000\/svg\" viewbox=\"0 0 576 512\" class=\"svg-inline--fa fa-star fa-w-18 fa-2x\"><path d=\"M259.3 17.8L194 150.2 47.9 171.5c-26.2 3.8-36.7 36.1-17.7 54.6l105.7 103-25 145.5c-4.5 26.3 23.2 46 46.4 33.7L288 439.6l130.7 68.7c23.2 12.2 50.9-7.4 46.4-33.7l-25-145.5 105.7-103c19-18.5 8.5-50.8-17.7-54.6L382 150.2 316.7 17.8c-11.7-23.6-45.6-23.9-57.4 0z\" class=\"\"><\/path><\/svg>\n  <\/div>\n\n\n\n<svg width=\"0\" height=\"0\">\n<lineargradient id=\"starhalf102\" x1=\"0\" x2=\"100%\" y1=\"0\" y2=\"0\">\n        <stop offset=\"0%\" stop-color=\"var(--bde-palette-color-6)\"><\/stop>\n \t\t<stop offset=\"0%\" stop-color=\"lightgrey\"><\/stop>\n<\/lineargradient>\n<\/svg>\n\n<\/div><div class=\"bde-text-3139-103-3139-1 bde-text bde-text-3139-103\">\nOver 10,000 satisfied users trust in Inventory ONE\n<\/div>\n<\/div><div class=\"bde-grid-3139-113-3139-1 bde-grid bde-grid-3139-113\">\n  \n  \n\t\n\n\n\n<img decoding=\"async\" class=\"bde-image2-3139-106-3139-1 bde-image2 bde-image2-3139-106\" src=\"https:\/\/inventory-one.com\/wp-content\/uploads\/2026\/04\/ProvenExpert-Logo_dark-claim_RGB.svg\" alt=\"proven expert logo\" loading=\"lazy\"><img decoding=\"async\" class=\"bde-image2-3139-108-3139-1 bde-image2 bde-image2-3139-108\" src=\"https:\/\/inventory-one.com\/wp-content\/uploads\/2026\/04\/Google_Logo_0.svg\" alt=\"Google Logo\" loading=\"lazy\"><img decoding=\"async\" class=\"bde-image2-3139-110-3139-1 bde-image2 bde-image2-3139-110\" src=\"https:\/\/inventory-one.com\/wp-content\/uploads\/2026\/04\/Capterra_idklDhE-0H_0.svg\" alt=\"Capterra logo\" loading=\"lazy\"><img decoding=\"async\" class=\"bde-image2-3139-112-3139-1 bde-image2 bde-image2-3139-112\" src=\"https:\/\/inventory-one.com\/wp-content\/uploads\/2026\/04\/Software_Advice_idtECG2BS3_black.svg\" alt=\"Software Advice Logo\" loading=\"lazy\">\n<\/div>\n<\/div>\n<\/div><div class=\"bde-image-461-476 bde-image\">\n<figure class=\"breakdance-image breakdance-image--1465\">\n\t<div class=\"breakdance-image-container\">\n\t\t<div class=\"breakdance-image-clip\"><img loading=\"lazy\" decoding=\"async\" class=\"breakdance-image-object\" src=\"https:\/\/inventory-one.com\/wp-content\/uploads\/2023\/11\/mockup-inventory-one-1024x646.png\" width=\"1024\" height=\"646\" srcset=\"https:\/\/inventory-one.com\/wp-content\/uploads\/2023\/11\/mockup-inventory-one-1024x646.png 1024w, https:\/\/inventory-one.com\/wp-content\/uploads\/2023\/11\/mockup-inventory-one-300x189.png 300w, https:\/\/inventory-one.com\/wp-content\/uploads\/2023\/11\/mockup-inventory-one-768x484.png 768w, https:\/\/inventory-one.com\/wp-content\/uploads\/2023\/11\/mockup-inventory-one-1536x969.png 1536w, https:\/\/inventory-one.com\/wp-content\/uploads\/2023\/11\/mockup-inventory-one.png 1800w\" sizes=\"auto, (max-width: 1024px) 100vw, 1024px\" alt=\"Inventory ONE\"><\/div>\n\t<\/div><\/figure>\n\n<\/div>\n<\/div><\/div><\/div>\n<\/section><section id=\"wir\" class=\"bde-section-461-133 bde-section\">\n  \n  \n\t\n\n\n\n<div class=\"section-container\"><div class=\"bde-div-461-134 bde-div\">\n  \n  \n\t\n\n\n\n<div class=\"bde-text-461-135 bde-text\">\nCompetence, experience, success\n<\/div><h2 class=\"bde-heading-461-494 bde-heading\">\nThis is Inventory ONE\n<\/h2>\n<\/div><div class=\"bde-columns-461-222 bde-columns\"><div class=\"bde-column-461-223 bde-column\">\n  \n  \n\t\n\n\n\n<div class=\"bde-rich-text-461-225 bde-rich-text breakdance-rich-text-styles\">\n<p>Inventory ONE is the product of a team of developers from southern Germany who put their heart and soul into creating modern software solutions. Founded as softwarewerkstatt GbR, the team has grown rapidly. This was mainly due to the fact that the young team is specialized in \"digital solutions for <a target=\"_self\" href=\"\/en\/inventory-management\/\">Inventory management<\/a>\" has found its core competence and successfully established its first products on the market.<\/p><p>In May 2023, softwarewerkstatt GbR was transformed into Inventory ONE GmbH in order to tackle the internationalization of the largest and most successful product \"inventar24\" in the best possible way and to do justice to the size of the company.<\/p>\n<\/div>\n<\/div><div class=\"bde-column-461-484 bde-column\">\n  \n  \n\t\n\n\n\n<div class=\"bde-rich-text-461-485 bde-rich-text breakdance-rich-text-styles\">\n<p>The success can be explained, among other things, by the fact that the people behind Inventory ONE <a target=\"_self\" href=\"https:\/\/outlook.office365.com\/owa\/calendar\/SoftwarewerkstattGbR@softwarewerkstatt.io\/bookings\/s\/tPB56717l0eVKOEbGuCHnQ2\" rel=\"noopener\">Software solutions<\/a> developed together with customers right from the start. Even well-functioning products were further developed and the user experience of the application was continuously improved based on customer feedback. The team behind Inventory ONE remains true to this principle. Because even good things can always be improved.<\/p><p>In addition to its own application, the Inventory ONE team has also implemented many customized software solutions for customers in the field of inventory management in recent years.<\/p>\n<\/div>\n<\/div><\/div><div class=\"bde-columns-461-477 bde-columns\"><div class=\"bde-column-461-480 bde-column\">\n  \n  \n\t\n\n\n\n<div class=\"bde-icon-box-461-481 bde-icon-box\">\n\n    \n            <div class=\"ee-iconbox-icon breakdance-icon-atom\" >\n    \n                    <svg xmlns=\"http:\/\/www.w3.org\/2000\/svg\" xmlns:xlink=\"http:\/\/www.w3.org\/1999\/xlink\" version=\"1.1\" id=\"Ebene_1\" x=\"0px\" y=\"0px\" width=\"14px\" height=\"14px\" viewbox=\"0 0 14 14\" style=\"enable-background:new 0 0 14 14;\" xml:space=\"preserve\">\n<path d=\"M10.4,3.6H9.1l0.1-0.9C9.3,2,9.1,1.4,8.5,1C8.2,0.7,7.7,0.6,7.3,0.7C6.8,0.8,6.4,1,6.1,1.4L4,4.5C3.6,4,3.1,3.7,2.5,3.7  c-1,0-1.8,0.8-1.8,1.8v5.3c0,1,0.8,1.8,1.8,1.8c0.7,0,1.4-0.5,1.6-1.1h0.1c0.9,0.3,2.9,0.8,5.2,0.8c2.2,0,3.8-4.1,3.8-5.8  C13.3,4.6,11.4,3.6,10.4,3.6z M2.5,11.6c-0.4,0-0.8-0.3-0.8-0.8V5.5c0-0.4,0.3-0.8,0.8-0.8s0.8,0.3,0.8,0.8v0.2v5.1  C3.2,11.3,2.9,11.6,2.5,11.6z M9.5,11.3c-2.2,0-4.2-0.6-5-0.8c0,0-0.1,0-0.1,0H4.2V5.9L7,2c0.1-0.2,0.3-0.3,0.5-0.3  c0.2,0,0.4,0,0.5,0.1C8.2,2,8.3,2.2,8.2,2.5L8,4c0,0.1,0,0.3,0.1,0.4c0.1,0.1,0.2,0.2,0.4,0.2h1.8c0.5,0,1.9,0.6,1.9,1.9  C12.3,8.1,10.7,11.3,9.5,11.3z\"\/>\n<\/svg>\n        \n        \n        \n            <\/div>\n    \n\n<div class=\"ee-iconbox-content\">\n      <h5 class=\"ee-iconbox-title bde-h3\" >Competence<\/h5>\n        <div class=\"ee-iconbox-text\" >Customer feedback on Inventory ONE demonstrates proven expertise in the area of user-friendly software.<\/div>\n    <\/div>\n\n<\/div>\n<\/div><div class=\"bde-column-461-490 bde-column\">\n  \n  \n\t\n\n\n\n<div class=\"bde-icon-box-461-488 bde-icon-box\">\n\n    \n            <div class=\"ee-iconbox-icon breakdance-icon-atom\" >\n    \n                    <svg xmlns=\"http:\/\/www.w3.org\/2000\/svg\" xmlns:xlink=\"http:\/\/www.w3.org\/1999\/xlink\" version=\"1.1\" id=\"Ebene_1\" x=\"0px\" y=\"0px\" width=\"14px\" height=\"14px\" viewbox=\"0 0 14 14\" style=\"enable-background:new 0 0 14 14;\" xml:space=\"preserve\">\n<path d=\"M10.4,3.6H9.1l0.1-0.9C9.3,2,9.1,1.4,8.5,1C8.2,0.7,7.7,0.6,7.3,0.7C6.8,0.8,6.4,1,6.1,1.4L4,4.5C3.6,4,3.1,3.7,2.5,3.7  c-1,0-1.8,0.8-1.8,1.8v5.3c0,1,0.8,1.8,1.8,1.8c0.7,0,1.4-0.5,1.6-1.1h0.1c0.9,0.3,2.9,0.8,5.2,0.8c2.2,0,3.8-4.1,3.8-5.8  C13.3,4.6,11.4,3.6,10.4,3.6z M2.5,11.6c-0.4,0-0.8-0.3-0.8-0.8V5.5c0-0.4,0.3-0.8,0.8-0.8s0.8,0.3,0.8,0.8v0.2v5.1  C3.2,11.3,2.9,11.6,2.5,11.6z M9.5,11.3c-2.2,0-4.2-0.6-5-0.8c0,0-0.1,0-0.1,0H4.2V5.9L7,2c0.1-0.2,0.3-0.3,0.5-0.3  c0.2,0,0.4,0,0.5,0.1C8.2,2,8.3,2.2,8.2,2.5L8,4c0,0.1,0,0.3,0.1,0.4c0.1,0.1,0.2,0.2,0.4,0.2h1.8c0.5,0,1.9,0.6,1.9,1.9  C12.3,8.1,10.7,11.3,9.5,11.3z\"\/>\n<\/svg>\n        \n        \n        \n            <\/div>\n    \n\n<div class=\"ee-iconbox-content\">\n      <h5 class=\"ee-iconbox-title bde-h3\" >Experience<\/h5>\n        <div class=\"ee-iconbox-text\" >In addition to its own app, the Inventory ONE team has already implemented many successful software solutions for customers.<\/div>\n    <\/div>\n\n<\/div>\n<\/div><div class=\"bde-column-461-486 bde-column\">\n  \n  \n\t\n\n\n\n<div class=\"bde-icon-box-461-489 bde-icon-box\">\n\n    \n            <div class=\"ee-iconbox-icon breakdance-icon-atom\" >\n    \n                    <svg xmlns=\"http:\/\/www.w3.org\/2000\/svg\" xmlns:xlink=\"http:\/\/www.w3.org\/1999\/xlink\" version=\"1.1\" id=\"Ebene_1\" x=\"0px\" y=\"0px\" width=\"14px\" height=\"14px\" viewbox=\"0 0 14 14\" style=\"enable-background:new 0 0 14 14;\" xml:space=\"preserve\">\n<path d=\"M10.4,3.6H9.1l0.1-0.9C9.3,2,9.1,1.4,8.5,1C8.2,0.7,7.7,0.6,7.3,0.7C6.8,0.8,6.4,1,6.1,1.4L4,4.5C3.6,4,3.1,3.7,2.5,3.7  c-1,0-1.8,0.8-1.8,1.8v5.3c0,1,0.8,1.8,1.8,1.8c0.7,0,1.4-0.5,1.6-1.1h0.1c0.9,0.3,2.9,0.8,5.2,0.8c2.2,0,3.8-4.1,3.8-5.8  C13.3,4.6,11.4,3.6,10.4,3.6z M2.5,11.6c-0.4,0-0.8-0.3-0.8-0.8V5.5c0-0.4,0.3-0.8,0.8-0.8s0.8,0.3,0.8,0.8v0.2v5.1  C3.2,11.3,2.9,11.6,2.5,11.6z M9.5,11.3c-2.2,0-4.2-0.6-5-0.8c0,0-0.1,0-0.1,0H4.2V5.9L7,2c0.1-0.2,0.3-0.3,0.5-0.3  c0.2,0,0.4,0,0.5,0.1C8.2,2,8.3,2.2,8.2,2.5L8,4c0,0.1,0,0.3,0.1,0.4c0.1,0.1,0.2,0.2,0.4,0.2h1.8c0.5,0,1.9,0.6,1.9,1.9  C12.3,8.1,10.7,11.3,9.5,11.3z\"\/>\n<\/svg>\n        \n        \n        \n            <\/div>\n    \n\n<div class=\"ee-iconbox-content\">\n      <h5 class=\"ee-iconbox-title bde-h3\" >Customer proximity<\/h5>\n        <div class=\"ee-iconbox-text\" >Inventory ONE values its customers, helps where needed and responds to feedback to further optimize Inventory ONE.<\/div>\n    <\/div>\n\n<\/div>\n<\/div><\/div><\/div>\n<\/section><section class=\"bde-section-461-330 bde-section\">\n              \n  \n  \n\t\n\n\n\n<div class=\"section-container\"><div class=\"bde-columns-461-331 bde-columns\"><div class=\"bde-column-461-332 bde-column\">\n  \n  \n\t\n\n\n\n<div class=\"bde-image-461-333 bde-image image-cover\">\n<figure class=\"breakdance-image breakdance-image--229\">\n\t<div class=\"breakdance-image-container\">\n\t\t<div class=\"breakdance-image-clip\"><img decoding=\"async\" class=\"breakdance-image-object\" src=\"https:\/\/inventory-one.com\/wp-content\/uploads\/2023\/03\/sws-ivo-inventarverwaltung-04-768x483.jpg\" width=\"768\" height=\"483\" srcset=\"https:\/\/inventory-one.com\/wp-content\/uploads\/2023\/03\/sws-ivo-inventarverwaltung-04-768x483.jpg 768w, https:\/\/inventory-one.com\/wp-content\/uploads\/2023\/03\/sws-ivo-inventarverwaltung-04-300x189.jpg 300w, https:\/\/inventory-one.com\/wp-content\/uploads\/2023\/03\/sws-ivo-inventarverwaltung-04-1024x644.jpg 1024w, https:\/\/inventory-one.com\/wp-content\/uploads\/2023\/03\/sws-ivo-inventarverwaltung-04-1536x966.jpg 1536w, https:\/\/inventory-one.com\/wp-content\/uploads\/2023\/03\/sws-ivo-inventarverwaltung-04-2048x1288.jpg 2048w\" sizes=\"auto, (max-width: 768px) 100vw, 768px\" alt=\"Inventory ONE\" loading=\"lazy\"><\/div>\n\t<\/div><\/figure>\n\n<\/div>\n<\/div><div class=\"bde-column-461-334 bde-column\">\n  \n  \n\t\n\n\n\n<div class=\"bde-rich-text-461-388 bde-rich-text breakdance-rich-text-styles\">\n<p>All digital products and services from the Inventory ONE software house have one goal: to support customers with creative, simple and helpful products in the digitalization of inventory management.<\/p>\n<\/div><div class=\"bde-text-461-391 bde-text\">\nThis means for you:\n<\/div><div class=\"bde-rich-text-461-390 bde-rich-text breakdance-rich-text-styles\">\n<p>More overview.<br>More time.<br>More possibilities.<br>Lower costs.<\/p>\n<\/div>\n<\/div><\/div><\/div>\n<\/section><section id=\"rezensionen\" class=\"bde-section-461-414 bde-section\">\n  \n  \n\t\n\n\n\n<div class=\"section-container\"><div class=\"bde-div-461-415 bde-div\">\n  \n  \n\t\n\n\n\n<div class=\"bde-text-461-416 bde-text\">\nSome of many reviews\n<\/div><h2 class=\"bde-heading-461-495 bde-heading\">\nWhat our customers say\n<\/h2>\n<\/div><div class=\"bde-columns-461-418 bde-columns\"><div class=\"bde-column-461-419 bde-column\">\n  \n  \n\t\n\n\n\n<div class=\"bde-star-rating-461-420 bde-star-rating\">\n\n\n\n  <div class='bde-star-rating__wrapper'>\n    <svg xmlns=\"http:\/\/www.w3.org\/2000\/svg\" id=\"icon-star-full\" viewbox=\"0 0 32 32\">\n<path d=\"M32 12.408l-11.056-1.607-4.944-10.018-4.944 10.018-11.056 1.607 8 7.798-1.889 11.011 9.889-5.199 9.889 5.199-1.889-11.011 8-7.798z\"\/>\n<\/svg>\n    <svg xmlns=\"http:\/\/www.w3.org\/2000\/svg\" id=\"icon-star-full\" viewbox=\"0 0 32 32\">\n<path d=\"M32 12.408l-11.056-1.607-4.944-10.018-4.944 10.018-11.056 1.607 8 7.798-1.889 11.011 9.889-5.199 9.889 5.199-1.889-11.011 8-7.798z\"\/>\n<\/svg>\n    <svg xmlns=\"http:\/\/www.w3.org\/2000\/svg\" id=\"icon-star-full\" viewbox=\"0 0 32 32\">\n<path d=\"M32 12.408l-11.056-1.607-4.944-10.018-4.944 10.018-11.056 1.607 8 7.798-1.889 11.011 9.889-5.199 9.889 5.199-1.889-11.011 8-7.798z\"\/>\n<\/svg>\n    <svg xmlns=\"http:\/\/www.w3.org\/2000\/svg\" id=\"icon-star-full\" viewbox=\"0 0 32 32\">\n<path d=\"M32 12.408l-11.056-1.607-4.944-10.018-4.944 10.018-11.056 1.607 8 7.798-1.889 11.011 9.889-5.199 9.889 5.199-1.889-11.011 8-7.798z\"\/>\n<\/svg>\n    <svg xmlns=\"http:\/\/www.w3.org\/2000\/svg\" id=\"icon-star-full\" viewbox=\"0 0 32 32\">\n<path d=\"M32 12.408l-11.056-1.607-4.944-10.018-4.944 10.018-11.056 1.607 8 7.798-1.889 11.011 9.889-5.199 9.889 5.199-1.889-11.011 8-7.798z\"\/>\n<\/svg>\n  <\/div>\n\n\n<svg width=\"0\" height=\"0\">\n<lineargradient id=\"starhalf420\" x1=\"0\" x2=\"100%\" y1=\"0\" y2=\"0\">\n        <stop offset=\"0%\" stop-color=\"var(--bde-palette-color-6)\"><\/stop>\n \t\t<stop offset=\"0%\" stop-color=\"var(--bde-palette-color-5)\"><\/stop>\n<\/lineargradient>\n<\/svg>\n\n<\/div><div class=\"bde-text-461-421 bde-text\">\nA great application. After my first login, I was amazed at how many helpful, well thought-out functions are available. Inventory ONE is definitely a worthwhile investment. Top!\n<\/div><h3 class=\"bde-heading-461-422 bde-heading\">\nHelmut Nickel\n<\/h3>\n<\/div><div class=\"bde-column-461-423 bde-column\">\n  \n  \n\t\n\n\n\n<div class=\"bde-star-rating-461-424 bde-star-rating\">\n\n\n\n  <div class='bde-star-rating__wrapper'>\n    <svg xmlns=\"http:\/\/www.w3.org\/2000\/svg\" id=\"icon-star-full\" viewbox=\"0 0 32 32\">\n<path d=\"M32 12.408l-11.056-1.607-4.944-10.018-4.944 10.018-11.056 1.607 8 7.798-1.889 11.011 9.889-5.199 9.889 5.199-1.889-11.011 8-7.798z\"\/>\n<\/svg>\n    <svg xmlns=\"http:\/\/www.w3.org\/2000\/svg\" id=\"icon-star-full\" viewbox=\"0 0 32 32\">\n<path d=\"M32 12.408l-11.056-1.607-4.944-10.018-4.944 10.018-11.056 1.607 8 7.798-1.889 11.011 9.889-5.199 9.889 5.199-1.889-11.011 8-7.798z\"\/>\n<\/svg>\n    <svg xmlns=\"http:\/\/www.w3.org\/2000\/svg\" id=\"icon-star-full\" viewbox=\"0 0 32 32\">\n<path d=\"M32 12.408l-11.056-1.607-4.944-10.018-4.944 10.018-11.056 1.607 8 7.798-1.889 11.011 9.889-5.199 9.889 5.199-1.889-11.011 8-7.798z\"\/>\n<\/svg>\n    <svg xmlns=\"http:\/\/www.w3.org\/2000\/svg\" id=\"icon-star-full\" viewbox=\"0 0 32 32\">\n<path d=\"M32 12.408l-11.056-1.607-4.944-10.018-4.944 10.018-11.056 1.607 8 7.798-1.889 11.011 9.889-5.199 9.889 5.199-1.889-11.011 8-7.798z\"\/>\n<\/svg>\n    <svg xmlns=\"http:\/\/www.w3.org\/2000\/svg\" id=\"icon-star-full\" viewbox=\"0 0 32 32\">\n<path d=\"M32 12.408l-11.056-1.607-4.944-10.018-4.944 10.018-11.056 1.607 8 7.798-1.889 11.011 9.889-5.199 9.889 5.199-1.889-11.011 8-7.798z\"\/>\n<\/svg>\n  <\/div>\n\n\n<svg width=\"0\" height=\"0\">\n<lineargradient id=\"starhalf424\" x1=\"0\" x2=\"100%\" y1=\"0\" y2=\"0\">\n        <stop offset=\"0%\" stop-color=\"var(--bde-palette-color-6)\"><\/stop>\n \t\t<stop offset=\"0%\" stop-color=\"var(--bde-palette-color-5)\"><\/stop>\n<\/lineargradient>\n<\/svg>\n\n<\/div><div class=\"bde-text-461-425 bde-text\">\nEasy to operate! Giving employees responsibility for their own machines is well received!\n<\/div><h3 class=\"bde-heading-461-426 bde-heading\">\nStefan Seethaler\n<\/h3>\n<\/div><div class=\"bde-column-461-427 bde-column\">\n  \n  \n\t\n\n\n\n<div class=\"bde-star-rating-461-428 bde-star-rating\">\n\n\n\n  <div class='bde-star-rating__wrapper'>\n    <svg xmlns=\"http:\/\/www.w3.org\/2000\/svg\" id=\"icon-star-full\" viewbox=\"0 0 32 32\">\n<path d=\"M32 12.408l-11.056-1.607-4.944-10.018-4.944 10.018-11.056 1.607 8 7.798-1.889 11.011 9.889-5.199 9.889 5.199-1.889-11.011 8-7.798z\"\/>\n<\/svg>\n    <svg xmlns=\"http:\/\/www.w3.org\/2000\/svg\" id=\"icon-star-full\" viewbox=\"0 0 32 32\">\n<path d=\"M32 12.408l-11.056-1.607-4.944-10.018-4.944 10.018-11.056 1.607 8 7.798-1.889 11.011 9.889-5.199 9.889 5.199-1.889-11.011 8-7.798z\"\/>\n<\/svg>\n    <svg xmlns=\"http:\/\/www.w3.org\/2000\/svg\" id=\"icon-star-full\" viewbox=\"0 0 32 32\">\n<path d=\"M32 12.408l-11.056-1.607-4.944-10.018-4.944 10.018-11.056 1.607 8 7.798-1.889 11.011 9.889-5.199 9.889 5.199-1.889-11.011 8-7.798z\"\/>\n<\/svg>\n    <svg xmlns=\"http:\/\/www.w3.org\/2000\/svg\" id=\"icon-star-full\" viewbox=\"0 0 32 32\">\n<path d=\"M32 12.408l-11.056-1.607-4.944-10.018-4.944 10.018-11.056 1.607 8 7.798-1.889 11.011 9.889-5.199 9.889 5.199-1.889-11.011 8-7.798z\"\/>\n<\/svg>\n    <svg xmlns=\"http:\/\/www.w3.org\/2000\/svg\" id=\"icon-star-full\" viewbox=\"0 0 32 32\">\n<path d=\"M32 12.408l-11.056-1.607-4.944-10.018-4.944 10.018-11.056 1.607 8 7.798-1.889 11.011 9.889-5.199 9.889 5.199-1.889-11.011 8-7.798z\"\/>\n<\/svg>\n  <\/div>\n\n\n<svg width=\"0\" height=\"0\">\n<lineargradient id=\"starhalf428\" x1=\"0\" x2=\"100%\" y1=\"0\" y2=\"0\">\n        <stop offset=\"0%\" stop-color=\"var(--bde-palette-color-6)\"><\/stop>\n \t\t<stop offset=\"0%\" stop-color=\"var(--bde-palette-color-5)\"><\/stop>\n<\/lineargradient>\n<\/svg>\n\n<\/div><div class=\"bde-text-461-429 bde-text\">\nThe speed of QR code scanning is great. The app is very clear and easy to use. The app was accepted very quickly and is being used. A great relief for our warehouse staff!\n<\/div><h3 class=\"bde-heading-461-430 bde-heading\">\nDanny Lemke\n<\/h3>\n<\/div><\/div><\/div>\n<\/section><section id=\"jobs\" class=\"bde-section-461-456 bde-section\">\n  \n  \n\t\n\n\n\n<div class=\"section-container\"><div class=\"bde-columns-461-457 bde-columns\"><div class=\"bde-column-461-458 bde-column\">\n  \n  \n\t\n\n\n\n<div class=\"bde-image-461-459 bde-image image-cover\">\n<figure class=\"breakdance-image breakdance-image--34\">\n\t<div class=\"breakdance-image-container\">\n\t\t<div class=\"breakdance-image-clip\"><img decoding=\"async\" class=\"breakdance-image-object\" src=\"https:\/\/inventory-one.com\/wp-content\/uploads\/2023\/01\/softwarewerkstatt-05-768x513.jpg\" width=\"768\" height=\"513\" srcset=\"https:\/\/inventory-one.com\/wp-content\/uploads\/2023\/01\/softwarewerkstatt-05-scaled.jpg 2560w, https:\/\/inventory-one.com\/wp-content\/uploads\/2023\/01\/softwarewerkstatt-05-300x200.jpg 300w, https:\/\/inventory-one.com\/wp-content\/uploads\/2023\/01\/softwarewerkstatt-05-1024x684.jpg 1024w, https:\/\/inventory-one.com\/wp-content\/uploads\/2023\/01\/softwarewerkstatt-05-768x513.jpg 768w, https:\/\/inventory-one.com\/wp-content\/uploads\/2023\/01\/softwarewerkstatt-05-1536x1025.jpg 1536w, https:\/\/inventory-one.com\/wp-content\/uploads\/2023\/01\/softwarewerkstatt-05-2048x1367.jpg 2048w\" sizes=\"auto, (max-width: 2560px) 100vw, 2560px\" alt=\"Inventory ONE\" loading=\"lazy\"><\/div>\n\t<\/div><\/figure>\n\n<\/div>\n<\/div><div class=\"bde-column-461-460 bde-column\">\n  \n  \n\t\n\n\n\n<h3 class=\"bde-dual-heading-461-461 bde-dual-heading\">\n\n\n            <span data-style=\"primary\" class=\"dual-heading--primary\">We are looking for employees<\/span>\n\n\n\n<\/h3><div class=\"bde-text-461-465 bde-text\">\nAs a growing agency, we are always on the lookout for talented and motivated employees. Whether you are a beginner or an experienced professional, we offer you the opportunity to advance your career in a dynamic and innovative environment.\n<\/div><div class=\"bde-div-461-462 bde-div\">\n  \n  \n\t\n\n\n\n<div class=\"bde-button-461-463 bde-button\">\n    \n                                    \n    \n    \n    \n    \n            \n                    \n            \n            \n\n    \n    \n    \n    \n    \n    <a class=\"breakdance-link button-atom button-atom--primary bde-button__button\" href=\"https:\/\/inventory-one.com\/en\/sales-and-marketing-assistant\/\" target=\"_self\" data-type=\"url\">\n\n    \n        <span class=\"button-atom__text\">Sales and Marketing Assistant<\/span>\n\n        \n        \n                <\/a>\n\n    \n\n\n<\/div>\n<\/div>\n<\/div><\/div><\/div>\n<\/section>","protected":false},"excerpt":{"rendered":"<p>Das Team hinter Inventory ONE Hinter Inventory ONE steht ein Entwickler\u00adteam mit gro\u00dfer Software\u00adkompetenz und lang\u00adj\u00e4hriger Er\u00adfahrung. Wir ent\u00adwickeln An\u00adwendungen, Software\u00adapplikationen und Apps zur digitalen Ver\u00adnetzung von Ger\u00e4ten, Prozessen und Maschinen. \u00dcber uns Rezensionen Jobs \u00dcber 10.000 zufriedene Nutzer vertrauen in Inventory ONE Kompetenz, Erfahrung, Erfolg Das ist Inventory ONE Inventory ONE ist das Produkt [&hellip;]<\/p>","protected":false},"author":1,"featured_media":0,"parent":0,"menu_order":0,"comment_status":"closed","ping_status":"closed","template":"","meta":{"_breakdance_hide_in_design_set":false,"_breakdance_tags":"","footnotes":""},"class_list":["post-461","page","type-page","status-publish","hentry"],"_links":{"self":[{"href":"https:\/\/inventory-one.com\/en\/wp-json\/wp\/v2\/pages\/461","targetHints":{"allow":["GET"]}}],"collection":[{"href":"https:\/\/inventory-one.com\/en\/wp-json\/wp\/v2\/pages"}],"about":[{"href":"https:\/\/inventory-one.com\/en\/wp-json\/wp\/v2\/types\/page"}],"author":[{"embeddable":true,"href":"https:\/\/inventory-one.com\/en\/wp-json\/wp\/v2\/users\/1"}],"replies":[{"embeddable":true,"href":"https:\/\/inventory-one.com\/en\/wp-json\/wp\/v2\/comments?post=461"}],"version-history":[{"count":79,"href":"https:\/\/inventory-one.com\/en\/wp-json\/wp\/v2\/pages\/461\/revisions"}],"predecessor-version":[{"id":3198,"href":"https:\/\/inventory-one.com\/en\/wp-json\/wp\/v2\/pages\/461\/revisions\/3198"}],"wp:attachment":[{"href":"https:\/\/inventory-one.com\/en\/wp-json\/wp\/v2\/media?parent=461"}],"curies":[{"name":"wp","href":"https:\/\/api.w.org\/{rel}","templated":true}]}}