{"id":2925,"date":"2025-02-25T10:46:08","date_gmt":"2025-02-25T09:46:08","guid":{"rendered":"https:\/\/inventory-one.com\/?page_id=2925"},"modified":"2025-02-25T10:46:09","modified_gmt":"2025-02-25T09:46:09","slug":"free-online-demo-2","status":"publish","type":"page","link":"https:\/\/inventory-one.com\/en\/free-online-demo-2\/","title":{"rendered":"Dankeseite"},"content":{"rendered":"<section class=\"bde-section-2925-100 bde-section\">\n  \n  \n\t\n\n\n\n<div class=\"section-container\"><h1 class=\"bde-heading-2925-101 bde-heading\">\nThank you for booking an appointment!\n<\/h1><div class=\"bde-text-2925-102 bde-text\">\nWe have received your request and will contact you by phone at the chosen time to discuss the details of your personal demo.\n<\/div><div class=\"bde-image-2925-103 bde-image\">\n<figure class=\"breakdance-image breakdance-image--2500\">\n\t<div class=\"breakdance-image-container\">\n\t\t<div class=\"breakdance-image-clip\"><img loading=\"lazy\" decoding=\"async\" class=\"breakdance-image-object\" src=\"https:\/\/inventory-one.com\/wp-content\/uploads\/2024\/04\/inventory-one-mockup-oben-betriebsmittelverwaltung-it-300x189.webp\" width=\"300\" height=\"189\" srcset=\"https:\/\/inventory-one.com\/wp-content\/uploads\/2024\/04\/inventory-one-mockup-oben-betriebsmittelverwaltung-it-300x189.webp 300w, https:\/\/inventory-one.com\/wp-content\/uploads\/2024\/04\/inventory-one-mockup-oben-betriebsmittelverwaltung-it-1024x646.webp 1024w, https:\/\/inventory-one.com\/wp-content\/uploads\/2024\/04\/inventory-one-mockup-oben-betriebsmittelverwaltung-it-768x484.webp 768w, https:\/\/inventory-one.com\/wp-content\/uploads\/2024\/04\/inventory-one-mockup-oben-betriebsmittelverwaltung-it-1536x968.webp 1536w, https:\/\/inventory-one.com\/wp-content\/uploads\/2024\/04\/inventory-one-mockup-oben-betriebsmittelverwaltung-it-2048x1291.webp 2048w, https:\/\/inventory-one.com\/wp-content\/uploads\/2024\/04\/inventory-one-mockup-oben-betriebsmittelverwaltung-it-18x12.webp 18w\" sizes=\"auto, (max-width: 300px) 100vw, 300px\"><\/div>\n\t<\/div><\/figure>\n\n<\/div><\/div>\n<\/section><section class=\"bde-section-2925-107 bde-section\">\n  \n  \n\t\n\n\n\n<div class=\"section-container\"><div class=\"bde-columns-2925-108 bde-columns\"><div class=\"bde-column-2925-109 bde-column\">\n  \n  \n\t\n\n\n\n<div class=\"bde-icon-box-2925-105 bde-icon-box\">\n\n    \n            <div class=\"ee-iconbox-icon breakdance-icon-atom\" >\n    \n                    <svg xmlns=\"http:\/\/www.w3.org\/2000\/svg\" id=\"icon-phone\" viewbox=\"0 0 32 32\">\n<path d=\"M22 20c-2 2-2 4-4 4s-4-2-6-4-4-4-4-6 2-2 4-4-4-8-6-8-6 6-6 6c0 4 4.109 12.109 8 16s12 8 16 8c0 0 6-4 6-6s-6-8-8-6z\"\/>\n<\/svg>\n        \n        \n        \n            <\/div>\n    \n\n<div class=\"ee-iconbox-content\">\n      <p class=\"ee-iconbox-title bde-h3\" >We will call you<\/p>\n        <div class=\"ee-iconbox-text\" >Someone from our team will contact you by phone shortly.<\/div>\n    <\/div>\n\n<\/div>\n<\/div><div class=\"bde-column-2925-110 bde-column\">\n  \n  \n\t\n\n\n\n<div class=\"bde-icon-box-2925-106 bde-icon-box\">\n\n    \n            <div class=\"ee-iconbox-icon breakdance-icon-atom\" >\n    \n                    <svg xmlns=\"http:\/\/www.w3.org\/2000\/svg\" viewbox=\"0 0 512 512\"><!-- Font Awesome Free 5.15.1 by @fontawesome - https:\/\/fontawesome.com License - https:\/\/fontawesome.com\/license\/free (Icons: CC BY 4.0, Fonts: SIL OFL 1.1, Code: MIT License) --><path d=\"M173.898 439.404l-166.4-166.4c-9.997-9.997-9.997-26.206 0-36.204l36.203-36.204c9.997-9.998 26.207-9.998 36.204 0L192 312.69 432.095 72.596c9.997-9.997 26.207-9.997 36.204 0l36.203 36.204c9.997 9.997 9.997 26.206 0 36.204l-294.4 294.401c-9.998 9.997-26.207 9.997-36.204-.001z\"\/><\/svg>\n        \n        \n        \n            <\/div>\n    \n\n<div class=\"ee-iconbox-content\">\n      <p class=\"ee-iconbox-title bde-h3\" >We discuss your situation &amp; requirements<\/p>\n        <div class=\"ee-iconbox-text\" >To ensure that the demo is perfectly tailored to your needs, we ask you a few questions about your company and your current tool management.<\/div>\n    <\/div>\n\n<\/div>\n<\/div><div class=\"bde-column-2925-111 bde-column\">\n  \n  \n\t\n\n\n\n<div class=\"bde-icon-box-2925-112 bde-icon-box\">\n\n    \n            <div class=\"ee-iconbox-icon breakdance-icon-atom\" >\n    \n                    <svg xmlns=\"http:\/\/www.w3.org\/2000\/svg\" id=\"icon-calendar\" viewbox=\"0 0 32 32\">\n<path d=\"M10 12h4v4h-4zM16 12h4v4h-4zM22 12h4v4h-4zM4 24h4v4h-4zM10 24h4v4h-4zM16 24h4v4h-4zM10 18h4v4h-4zM16 18h4v4h-4zM22 18h4v4h-4zM4 18h4v4h-4zM26 0v2h-4v-2h-14v2h-4v-2h-4v32h30v-32h-4zM28 30h-26v-22h26v22z\"\/>\n<\/svg>\n        \n        \n        \n            <\/div>\n    \n\n<div class=\"ee-iconbox-content\">\n      <p class=\"ee-iconbox-title bde-h3\" >Your personal demo takes place<\/p>\n        <div class=\"ee-iconbox-text\" >As soon as we have clarified everything, we will arrange a suitable appointment and show you how my_toolbox can support your company.<\/div>\n    <\/div>\n\n<\/div>\n<\/div><\/div><\/div>\n<\/section>","protected":false},"excerpt":{"rendered":"<p>Danke f\u00fcr die Terminbuchung! Wir haben deine Anfrage erhalten und melden uns zum gew\u00e4hlten Zeitpunkt telefonisch bei dir, um die Details f\u00fcr deine pers\u00f6nliche Demo zu besprechen. Wir rufen dich an In K\u00fcrze meldet sich jemand aus unserem Team telefonisch bei dir. Wir besprechen deine Situation &#038; Anforderungen Damit die Demo perfekt auf deine Bed\u00fcrfnisse [&hellip;]<\/p>","protected":false},"author":4,"featured_media":0,"parent":0,"menu_order":0,"comment_status":"closed","ping_status":"closed","template":"","meta":{"_breakdance_hide_in_design_set":false,"_breakdance_tags":"","footnotes":""},"class_list":["post-2925","page","type-page","status-publish","hentry"],"_links":{"self":[{"href":"https:\/\/inventory-one.com\/en\/wp-json\/wp\/v2\/pages\/2925","targetHints":{"allow":["GET"]}}],"collection":[{"href":"https:\/\/inventory-one.com\/en\/wp-json\/wp\/v2\/pages"}],"about":[{"href":"https:\/\/inventory-one.com\/en\/wp-json\/wp\/v2\/types\/page"}],"author":[{"embeddable":true,"href":"https:\/\/inventory-one.com\/en\/wp-json\/wp\/v2\/users\/4"}],"replies":[{"embeddable":true,"href":"https:\/\/inventory-one.com\/en\/wp-json\/wp\/v2\/comments?post=2925"}],"version-history":[{"count":2,"href":"https:\/\/inventory-one.com\/en\/wp-json\/wp\/v2\/pages\/2925\/revisions"}],"predecessor-version":[{"id":2927,"href":"https:\/\/inventory-one.com\/en\/wp-json\/wp\/v2\/pages\/2925\/revisions\/2927"}],"wp:attachment":[{"href":"https:\/\/inventory-one.com\/en\/wp-json\/wp\/v2\/media?parent=2925"}],"curies":[{"name":"wp","href":"https:\/\/api.w.org\/{rel}","templated":true}]}}