{"id":101,"date":"2023-01-24T15:35:02","date_gmt":"2023-01-24T14:35:02","guid":{"rendered":"https:\/\/inventory-one.com\/?page_id=101"},"modified":"2024-10-07T13:09:56","modified_gmt":"2024-10-07T11:09:56","slug":"imprint","status":"publish","type":"page","link":"https:\/\/inventory-one.com\/en\/impressum\/","title":{"rendered":"Imprint"},"content":{"rendered":"<section class=\"bde-section-101-105 bde-section\">\n  \n  \n\t\n\n\n\n<div class=\"section-container\"><h1 class=\"bde-heading-101-204 bde-heading\">\nImprint\n<\/h1><div class=\"bde-columns-101-106 bde-columns\"><div class=\"bde-column-101-109 bde-column\">\n  \n  \n\t\n\n\n\n<div class=\"bde-rich-text-101-192 bde-rich-text breakdance-rich-text-styles\">\n<h5>Information according to \u00a7 5 TMG<\/h5><p>Inventory ONE GmbH<br>Steinbeisstrasse 12<br>73037 G\u00f6ppingen<\/p>\n<\/div><div class=\"bde-rich-text-101-200 bde-rich-text breakdance-rich-text-styles\">\n<p><\/p><p>E-Mail: <a target=\"_self\" href=\"mailto:hello@inventory-one.com\">hello@inventory-one.com<\/a><br>Phone: <a target=\"_self\" href=\"tel:+497161627130\">+49 7161 627130<\/a><\/p><p><br><\/p><p>Commercial register:<br>Ulm Local Court<br>HRB 745766<\/p><p><br><\/p><p>Sales tax ID: DE359671852<\/p><p><br><\/p><p>Managing directors: Christoph Winter, Michael Reik<\/p>\n<\/div><div class=\"bde-rich-text-101-201 bde-rich-text breakdance-rich-text-styles\">\n<h5>Picture credits:<\/h5><p>The images used on this website are from <a href=\"https:\/\/www.istockphoto.com\/de\" target=\"_blank\" rel=\"noopener\">https:\/\/www.istockphoto.com\/<\/a> or <a href=\"https:\/\/pexels.com\/\" target=\"_blank\" rel=\"noopener\">https:\/\/pexels.com\/<\/a><\/p>\n<\/div>\n<\/div><div class=\"bde-column-101-197 bde-column\">\n  \n  \n\t\n\n\n\n<div class=\"bde-rich-text-101-202 bde-rich-text breakdance-rich-text-styles\">\n<h5>Disclaimer<\/h5><p><strong>Liability for content<\/strong><\/p><p>The contents of our pages have been created with the greatest care. However, we cannot assume any liability for the accuracy, completeness and topicality of the content. As a service provider, we are responsible for our own content on these pages in accordance with \u00a7 7 para. 1 TMG (German Telemedia Act) and general laws. According to \u00a7\u00a7 8 to 10 TMG, however, we as a service provider are not obliged to monitor transmitted or stored third-party information or to investigate circumstances that indicate illegal activity. Obligations to remove or block the use of information in accordance with general legislation remain unaffected by this. However, liability in this respect is only possible from the time of knowledge of a specific infringement. As soon as we become aware of such infringements, we will remove this content immediately.<\/p><p><\/p><p><strong>Liability for links<\/strong><\/p><p>Our website contains links to external third-party websites over whose content we have no influence. Therefore, we cannot accept any liability for this third-party content. The respective provider or operator of the pages is always responsible for the content of the linked pages. The linked pages were checked for possible legal violations at the time of linking. Illegal content was not recognizable at the time of linking. However, permanent monitoring of the content of the linked pages is not reasonable without concrete evidence of an infringement. If we become aware of any legal infringements, we will remove such links immediately.<\/p><p><\/p><p><strong>Dispute resolution<\/strong><\/p><p>In the event that the user is a consumer (not an entrepreneur), reference is made to the possibility of out-of-court dispute resolution in accordance with Art. 14 of Regulation (EU) No. 524\/2013 - ODR Regulation. Details on this can be found in the aforementioned regulation and at <a href=\"https:\/\/webgate.ec.europa.eu\/odr\" target=\"_blank\" rel=\"noopener\">https:\/\/webgate.ec.europa.eu\/odr<\/a><\/p><p>Imprint from <a href=\"http:\/\/impressum-generator.de\" target=\"_blank\" rel=\"noopener\">imprint-generator.com<\/a> the lawyer Franziska Hasselbach, Bonn<\/p>\n<\/div>\n<\/div><\/div><\/div>\n<\/section>","protected":false},"excerpt":{"rendered":"<p>Impressum Angaben gem\u00e4\u00df \u00a7 5 TMGInventory ONE GmbHSteinbeisstra\u00dfe 1273037 G\u00f6ppingen E-Mail: hello@inventory-one.comTelefon: +49 7161 627130Handelsregister:Amtsgericht UlmHRB 745766Umsatzsteuer-ID: DE359671852Gesch\u00e4ftsf\u00fchrer: Christoph Winter, Michael Reik Bildnachweis:Das auf dieser Webseite verwendete Bildmaterial stammen von https:\/\/www.istockphoto.com\/ oder https:\/\/pexels.com\/ HaftungsausschlussHaftung f\u00fcr InhalteDie Inhalte unserer Seiten wurden mit gr\u00f6\u00dfter Sorgfalt erstellt. F\u00fcr die Richtigkeit, Vollst\u00e4ndigkeit und Aktualit\u00e4t der Inhalte k\u00f6nnen wir jedoch [&hellip;]<\/p>\n","protected":false},"author":1,"featured_media":0,"parent":0,"menu_order":0,"comment_status":"closed","ping_status":"closed","template":"","meta":{"_breakdance_hide_in_design_set":false,"_breakdance_tags":"","footnotes":""},"class_list":["post-101","page","type-page","status-publish","hentry"],"_links":{"self":[{"href":"https:\/\/inventory-one.com\/en\/wp-json\/wp\/v2\/pages\/101","targetHints":{"allow":["GET"]}}],"collection":[{"href":"https:\/\/inventory-one.com\/en\/wp-json\/wp\/v2\/pages"}],"about":[{"href":"https:\/\/inventory-one.com\/en\/wp-json\/wp\/v2\/types\/page"}],"author":[{"embeddable":true,"href":"https:\/\/inventory-one.com\/en\/wp-json\/wp\/v2\/users\/1"}],"replies":[{"embeddable":true,"href":"https:\/\/inventory-one.com\/en\/wp-json\/wp\/v2\/comments?post=101"}],"version-history":[{"count":12,"href":"https:\/\/inventory-one.com\/en\/wp-json\/wp\/v2\/pages\/101\/revisions"}],"predecessor-version":[{"id":2908,"href":"https:\/\/inventory-one.com\/en\/wp-json\/wp\/v2\/pages\/101\/revisions\/2908"}],"wp:attachment":[{"href":"https:\/\/inventory-one.com\/en\/wp-json\/wp\/v2\/media?parent=101"}],"curies":[{"name":"wp","href":"https:\/\/api.w.org\/{rel}","templated":true}]}}